{"id":1046,"date":"2022-04-28T11:40:48","date_gmt":"2022-04-28T11:40:48","guid":{"rendered":"https:\/\/www.fleettruckparts.ma\/?page_id=1046"},"modified":"2022-04-28T16:39:23","modified_gmt":"2022-04-28T16:39:23","slug":"privacy-policy-2","status":"publish","type":"page","link":"https:\/\/www.fleettruckparts.ma\/index.php\/privacy-policy-2\/","title":{"rendered":"Politique de confidentialit\u00e9s"},"content":{"rendered":"\t\t<div data-elementor-type=\"wp-page\" data-elementor-id=\"1046\" class=\"elementor elementor-1046\">\n\t\t\t\t\t\t\t\t\t<section class=\"elementor-section elementor-top-section elementor-element elementor-element-3f2c11ab elementor-section-boxed elementor-section-height-default elementor-section-height-default\" data-id=\"3f2c11ab\" data-element_type=\"section\">\n\t\t\t\t\t\t<div class=\"elementor-container elementor-column-gap-default\">\n\t\t\t\t\t<div class=\"elementor-column elementor-col-100 elementor-top-column elementor-element elementor-element-5995c63e\" data-id=\"5995c63e\" data-element_type=\"column\">\n\t\t\t<div class=\"elementor-widget-wrap elementor-element-populated\">\n\t\t\t\t\t\t\t\t<div class=\"elementor-element elementor-element-4620d220 elementor-widget elementor-widget-text-editor\" data-id=\"4620d220\" data-element_type=\"widget\" data-widget_type=\"text-editor.default\">\n\t\t\t\t<div class=\"elementor-widget-container\">\n\t\t\t<style>\/*! elementor - v3.14.0 - 18-06-2023 *\/\n.elementor-widget-text-editor.elementor-drop-cap-view-stacked .elementor-drop-cap{background-color:#69727d;color:#fff}.elementor-widget-text-editor.elementor-drop-cap-view-framed .elementor-drop-cap{color:#69727d;border:3px solid;background-color:transparent}.elementor-widget-text-editor:not(.elementor-drop-cap-view-default) .elementor-drop-cap{margin-top:8px}.elementor-widget-text-editor:not(.elementor-drop-cap-view-default) .elementor-drop-cap-letter{width:1em;height:1em}.elementor-widget-text-editor .elementor-drop-cap{float:left;text-align:center;line-height:1;font-size:50px}.elementor-widget-text-editor .elementor-drop-cap-letter{display:inline-block}<\/style>\t\t\t\t<p style=\"text-align: center;\">Avis juridique\nInformations l\u00e9gales sur l&#8217;utilisation du site<\/p>\n<p style=\"text-align: left;\">Ces lignes r\u00e9gissent l&#8217;utilisation et la gestion des sites Web www,fleettruckparts,ma, une soci\u00e9t\u00e9 dont le si\u00e8ge social est \u00e0 65, zone industrielle, Selouane, Nador, Maroc , avec IF N\u00b045635078 et inscrite au Registre du Commerce de Nador 19775,\nL&#8217;acc\u00e8s au Web, ainsi que son utilisation, suppose la condition d&#8217;utilisateur de celui-ci et, par cons\u00e9quent, l&#8217;acceptation totale des termes et conditions du pr\u00e9sent avis juridique, qui doit \u00eatre lu, avant d&#8217;\u00e9ventuelles modifications de celui-ci. , \u00e0 chaque acc\u00e8s au Web.\nL&#8217;Utilisateur s&#8217;engage \u00e0 ne pas (i) utiliser le Site pour mener des activit\u00e9s contraires \u00e0 la loi, aux bonnes m\u0153urs, \u00e0 l&#8217;ordre public et, d&#8217;une mani\u00e8re g\u00e9n\u00e9rale, \u00e0 l&#8217;utiliser conform\u00e9ment aux pr\u00e9sentes conditions g\u00e9n\u00e9rales.<\/br>\nLa page www.fleettruckparts.ma peut \u00eatre librement visit\u00e9es par les utilisateurs, \u00e0 l&#8217;exclusion de celles qui se trouvent dans des espaces<\/p>\n<p style=\"text-align: left;\">Acc\u00e9der \u00e0 l&#8217;atelier de l&#8217;espace priv\u00e9\nConditions Particuli\u00e8res\nObligations de l&#8217;utilisateur\u00a0:<\/p> \n<strong>1.<\/strong> L&#8217;utilisateur est responsable que les informations et\/ou contenus h\u00e9berg\u00e9s dans son Espace Priv\u00e9 ne portent pas atteinte aux droits de tiers ou ne violent aucune r\u00e8gle, et qu&#8217;il ne s&#8217;agisse pas d&#8217;informations confidentielles ou soumises au secret. De plus, l&#8217;utilisateur assume l&#8217;obligation de tenir FLEET TRUCK PARTS inoffensif et exempt de toute responsabilit\u00e9 pouvant d\u00e9couler de l&#8217;exercice d&#8217;actions, judiciaires ou non, caus\u00e9es par la violation des droits de tiers ou de la l\u00e9gislation en vigueur.<\/br>\n<strong>2.<\/strong> L&#8217;utilisateur, afin de contracter le service de l&#8217;Espace priv\u00e9 contenu sur le Web, doit s&#8217;inscrire et sera responsable de fournir des informations v\u00e9ridiques et licites.<\/br>\n<strong>3.<\/strong> \u00c0 la suite de son inscription, l&#8217;utilisateur se verra attribuer un mot de passe qu&#8217;il s&#8217;engage \u00e0 utiliser avec diligence et \u00e0 garder secret pour acc\u00e9der \u00e0 ces services.\u00a0Par cons\u00e9quent, les utilisateurs sont responsables de la bonne conservation et de la confidentialit\u00e9 des identifiants et\/ou mots de passe fournis par FLEET TRUCK PARTS, et s&#8217;engagent \u00e0 ne pas c\u00e9der leur utilisation \u00e0 des tiers, de mani\u00e8re temporaire ou permanente, ou \u00e0 permettre leur acc\u00e8s \u00e0 des tiers.<\/br>\n<strong>4.<\/strong> Par cons\u00e9quent, l&#8217;utilisateur est seul responsable de tous les acc\u00e8s, contenus et actions effectu\u00e9s au nom de son identifiant d&#8217;utilisateur et de son mot de passe, \u00e0 l&#8217;enti\u00e8re indemnisation de FLEET TRUCK PARTS,\n<\/br><\/br>\nActes interdits\u00a0:\n<\/br><\/br>\nL&#8217;Utilisateur s&#8217;interdit les actions suivantes\u00a0:<\/br>\n<strong>1.<\/strong> Diffuser, reproduire ou communiquer publiquement le contenu de la Plateforme Web, des Utilisateurs ou de tiers, sans l&#8217;autorisation pr\u00e9alable du titulaire des droits sur les donn\u00e9es ou le contenu.<\/br>\n<strong>2.<\/strong> Toute action susceptible d&#8217;endommager les fonctionnalit\u00e9s de l&#8217;infrastructure de la Plateforme, notamment de la surcharger.<\/br>\n<strong>3.<\/strong> Utiliser tout mat\u00e9riel et information contenu dans la Plateforme \u00e0 des fins ill\u00e9gales et express\u00e9ment interdites dans les pr\u00e9sentes Conditions L\u00e9gales, ainsi que les conditions particuli\u00e8res qui, le cas \u00e9ch\u00e9ant, sont activ\u00e9es et contraires aux droits et int\u00e9r\u00eats de FLEET TRUCK PARTS, ses membres et\/ou des tiers, et doit y r\u00e9pondre en cas de manquement ou de non-respect desdites obligations et\/ou qui, de quelque mani\u00e8re que ce soit (y compris l&#8217;introduction ou la diffusion de &#8220;virus informatiques&#8221;), endommage, d\u00e9sactive, surcharges, d\u00e9t\u00e9riorent ou emp\u00eachent l&#8217;utilisation normale du service.\nLimitation de responsabilit\u00e9.\n<\/br><\/br>\nLe contenu de ce site Web est de nature g\u00e9n\u00e9rale et informative, sans \u00eatre consid\u00e9r\u00e9 comme une information et\/ou une publicit\u00e9 sp\u00e9cifiquement destin\u00e9e \u00e0 l&#8217;utilisateur du site Web.\u00a0En ce sens, FLEET TRUCK PARTS n&#8217;est pas responsable de l&#8217;ad\u00e9quation, de l&#8217;exactitude et\/ou de l&#8217;exhaustivit\u00e9 des informations collect\u00e9es sur le site Web, ni des d\u00e9cisions que, sur la base desdites informations, l&#8217;utilisateur peut adopter ou, de quelque mani\u00e8re que ce soit, des dommages d\u00e9riv\u00e9s de l&#8217;utilisation du Web et\/ou des informations collect\u00e9es sur celui-ci.<\/br>\nSans pr\u00e9judice du contr\u00f4le pr\u00e9ventif exhaustif de FLEET TRUCK PARTS, elle n&#8217;est pas responsable des \u00e9ventuels dommages pouvant survenir dans le syst\u00e8me ou les appareils informatiques de l&#8217;Utilisateur, du fait de l&#8217;existence de tout type de virus ou d&#8217;\u00e9l\u00e9ment informatique nuisible sur le Web.<\/br>\nL&#8217;inclusion sur le Web de certains liens vers d&#8217;autres pages Web n&#8217;implique pas, sauf indication contraire expresse, l&#8217;existence de tout type de relation commerciale, qu&#8217;elle soit commerciale, corporative ou contractuelle, entre FLEET TRUCK PARTS et le propri\u00e9taire du site Web li\u00e9.\u00a0De la m\u00eame mani\u00e8re, FLEET TRUCK PARTS n&#8217;a aucun type de contr\u00f4le ou de responsabilit\u00e9 concernant le contenu de l&#8217;un des sites Web li\u00e9s.<\/br>\nPropri\u00e9t\u00e9 intellectuelle et industrielle www,fleettruckparts,ma est un domaine Internet appartenant \u00e0 FLEET TRUCK PARTS, dont le si\u00e8ge social est situ\u00e9 65, zone industrielle, Selouane, Maroc<\/br>\nLe siteweb et tout son contenu,sans s&#8217;y limiter, les textes, images, codes, marques, noms commerciaux et tout autre mat\u00e9riel, sont la propri\u00e9t\u00e9 de FLEET TRUCK PARTS.\u00a0La condition d&#8217;utilisateur desdits sites Web n&#8217;implique, en aucune mani\u00e8re ou concept, la cession, la licence et\/ou la transmission de l&#8217;un des contenus susmentionn\u00e9s ou des droits (de quelque nature que ce soit) sur ceux-ci.<\/br>\nLes informations et \u00e9l\u00e9ments divulgu\u00e9s \u00e0 travers ces pages sont prot\u00e9g\u00e9s par les lois internationales sur la propri\u00e9t\u00e9 industrielle et intellectuelle, de sorte que leur reproduction, distribution et communication publique sont interdites sans l&#8217;autorisation expresse de FLEET TRUCK PARTS\t\t\t\t\t\t<\/div>\n\t\t\t\t<\/div>\n\t\t\t\t\t<\/div>\n\t\t<\/div>\n\t\t\t\t\t\t\t<\/div>\n\t\t<\/section>\n\t\t\t\t\t\t\t<\/div>\n\t\t","protected":false},"excerpt":{"rendered":"<p>Avis juridique Informations l\u00e9gales sur l&#8217;utilisation du site Ces lignes r\u00e9gissent l&#8217;utilisation et la gestion des sites Web www,fleettruckparts,ma, une soci\u00e9t\u00e9 dont le si\u00e8ge social est \u00e0 65, zone industrielle, Selouane, Nador, Maroc , avec IF N\u00b045635078 et inscrite au Registre du Commerce de Nador 19775, L&#8217;acc\u00e8s au Web, ainsi que son utilisation, suppose la [&hellip;]<\/p>\n","protected":false},"author":1,"featured_media":0,"parent":0,"menu_order":0,"comment_status":"closed","ping_status":"closed","template":"elementor_header_footer","meta":{"footnotes":""},"class_list":["post-1046","page","type-page","status-publish","hentry"],"guten_post_layout_featured_media_urls":{"full":false,"thumbnail":false,"medium":false,"medium_large":false,"large":false,"1536x1536":false,"2048x2048":false,"guten_post_layout_landscape_large":false,"guten_post_layout_portrait_large":false,"guten_post_layout_square_large":false,"guten_post_layout_landscape":false,"guten_post_layout_portrait":false,"guten_post_layout_square":false,"post-thumbnail":false,"twentytwenty-fullscreen":false},"_links":{"self":[{"href":"https:\/\/www.fleettruckparts.ma\/index.php\/wp-json\/wp\/v2\/pages\/1046","targetHints":{"allow":["GET"]}}],"collection":[{"href":"https:\/\/www.fleettruckparts.ma\/index.php\/wp-json\/wp\/v2\/pages"}],"about":[{"href":"https:\/\/www.fleettruckparts.ma\/index.php\/wp-json\/wp\/v2\/types\/page"}],"author":[{"embeddable":true,"href":"https:\/\/www.fleettruckparts.ma\/index.php\/wp-json\/wp\/v2\/users\/1"}],"replies":[{"embeddable":true,"href":"https:\/\/www.fleettruckparts.ma\/index.php\/wp-json\/wp\/v2\/comments?post=1046"}],"version-history":[{"count":15,"href":"https:\/\/www.fleettruckparts.ma\/index.php\/wp-json\/wp\/v2\/pages\/1046\/revisions"}],"predecessor-version":[{"id":1203,"href":"https:\/\/www.fleettruckparts.ma\/index.php\/wp-json\/wp\/v2\/pages\/1046\/revisions\/1203"}],"wp:attachment":[{"href":"https:\/\/www.fleettruckparts.ma\/index.php\/wp-json\/wp\/v2\/media?parent=1046"}],"curies":[{"name":"wp","href":"https:\/\/api.w.org\/{rel}","templated":true}]}}