{"id":536,"date":"2022-04-08T14:09:33","date_gmt":"2022-04-08T14:09:33","guid":{"rendered":"https:\/\/www.fleettruckparts.ma\/?page_id=536"},"modified":"2022-07-01T17:15:16","modified_gmt":"2022-07-01T17:15:16","slug":"propos","status":"publish","type":"page","link":"https:\/\/www.fleettruckparts.ma\/index.php\/propos\/","title":{"rendered":"propos"},"content":{"rendered":"\t\t<div data-elementor-type=\"wp-page\" data-elementor-id=\"536\" class=\"elementor elementor-536\">\n\t\t\t\t\t\t\t\t\t<section class=\"elementor-section elementor-top-section elementor-element elementor-element-b12852b elementor-section-boxed elementor-section-height-default elementor-section-height-default\" data-id=\"b12852b\" data-element_type=\"section\">\n\t\t\t\t\t\t<div class=\"elementor-container elementor-column-gap-default\">\n\t\t\t\t\t<div class=\"elementor-column elementor-col-100 elementor-top-column elementor-element elementor-element-47ab504\" data-id=\"47ab504\" data-element_type=\"column\">\n\t\t\t<div class=\"elementor-widget-wrap elementor-element-populated\">\n\t\t\t\t\t\t\t\t<div class=\"elementor-element elementor-element-33fe694 elementor-invisible elementor-widget elementor-widget-elementskit-heading\" data-id=\"33fe694\" data-element_type=\"widget\" data-settings=\"{&quot;_animation&quot;:&quot;slideInUp&quot;}\" data-widget_type=\"elementskit-heading.default\">\n\t\t\t\t<div class=\"elementor-widget-container\">\n\t\t\t<div class=\"ekit-wid-con\" ><div class=\"ekit-heading elementskit-section-title-wraper text_center   ekit_heading_tablet-   ekit_heading_mobile-\"><h2 class=\"ekit-heading--title elementskit-section-title \">QUI SOMMES-NOUS  ?<\/h2><\/div><\/div>\t\t<\/div>\n\t\t\t\t<\/div>\n\t\t\t\t\t<\/div>\n\t\t<\/div>\n\t\t\t\t\t\t\t<\/div>\n\t\t<\/section>\n\t\t\t\t<section class=\"elementor-section elementor-top-section elementor-element elementor-element-8f21002 elementor-section-boxed elementor-section-height-default elementor-section-height-default\" data-id=\"8f21002\" data-element_type=\"section\">\n\t\t\t\t\t\t<div class=\"elementor-container elementor-column-gap-default\">\n\t\t\t\t\t<div class=\"elementor-column elementor-col-33 elementor-top-column elementor-element elementor-element-2a3e2a1\" data-id=\"2a3e2a1\" data-element_type=\"column\">\n\t\t\t<div class=\"elementor-widget-wrap elementor-element-populated\">\n\t\t\t\t\t\t\t\t<div class=\"elementor-element elementor-element-a0f2a04 elementor-invisible elementor-widget elementor-widget-image\" data-id=\"a0f2a04\" data-element_type=\"widget\" data-settings=\"{&quot;_animation&quot;:&quot;slideInLeft&quot;}\" data-widget_type=\"image.default\">\n\t\t\t\t<div class=\"elementor-widget-container\">\n\t\t\t<style>\/*! elementor - v3.14.0 - 18-06-2023 *\/\n.elementor-widget-image{text-align:center}.elementor-widget-image a{display:inline-block}.elementor-widget-image a img[src$=\".svg\"]{width:48px}.elementor-widget-image img{vertical-align:middle;display:inline-block}<\/style>\t\t\t\t\t\t\t\t\t\t\t\t<img loading=\"lazy\" decoding=\"async\" width=\"1122\" height=\"1004\" src=\"https:\/\/www.fleettruckparts.ma\/wp-content\/uploads\/2022\/04\/QUI-SOMMES-NOUS-1.png\" class=\"attachment-full size-full wp-image-1498\" alt=\"\" srcset=\"https:\/\/www.fleettruckparts.ma\/wp-content\/uploads\/2022\/04\/QUI-SOMMES-NOUS-1.png 1122w, https:\/\/www.fleettruckparts.ma\/wp-content\/uploads\/2022\/04\/QUI-SOMMES-NOUS-1-300x268.png 300w, https:\/\/www.fleettruckparts.ma\/wp-content\/uploads\/2022\/04\/QUI-SOMMES-NOUS-1-1024x916.png 1024w, https:\/\/www.fleettruckparts.ma\/wp-content\/uploads\/2022\/04\/QUI-SOMMES-NOUS-1-768x687.png 768w\" sizes=\"auto, (max-width: 1122px) 100vw, 1122px\" \/>\t\t\t\t\t\t\t\t\t\t\t\t\t\t\t<\/div>\n\t\t\t\t<\/div>\n\t\t\t\t\t<\/div>\n\t\t<\/div>\n\t\t\t\t<div class=\"elementor-column elementor-col-66 elementor-top-column elementor-element elementor-element-3275732\" data-id=\"3275732\" data-element_type=\"column\">\n\t\t\t<div class=\"elementor-widget-wrap elementor-element-populated\">\n\t\t\t\t\t\t\t\t<div class=\"elementor-element elementor-element-0b7c995 elementor-invisible elementor-widget elementor-widget-text-editor\" data-id=\"0b7c995\" data-element_type=\"widget\" data-settings=\"{&quot;_animation&quot;:&quot;slideInRight&quot;}\" data-widget_type=\"text-editor.default\">\n\t\t\t\t<div class=\"elementor-widget-container\">\n\t\t\t<style>\/*! elementor - v3.14.0 - 18-06-2023 *\/\n.elementor-widget-text-editor.elementor-drop-cap-view-stacked .elementor-drop-cap{background-color:#69727d;color:#fff}.elementor-widget-text-editor.elementor-drop-cap-view-framed .elementor-drop-cap{color:#69727d;border:3px solid;background-color:transparent}.elementor-widget-text-editor:not(.elementor-drop-cap-view-default) .elementor-drop-cap{margin-top:8px}.elementor-widget-text-editor:not(.elementor-drop-cap-view-default) .elementor-drop-cap-letter{width:1em;height:1em}.elementor-widget-text-editor .elementor-drop-cap{float:left;text-align:center;line-height:1;font-size:50px}.elementor-widget-text-editor .elementor-drop-cap-letter{display:inline-block}<\/style>\t\t\t\t<p><strong>FLEET TRUCK PARTS<\/strong>\u00a0 est la concr\u00e9tisation de 30 ann\u00e9es d\u2019exp\u00e9rience sur le march\u00e9 marocain de pi\u00e8ces de rechanges\u00a0 ainsi que\u00a0 le fruit d\u2019un savoir-faire\u00a0 incontournable dans le domaine.\u00a0<\/p><p>Nous\u00a0 comptons\u00a0 sur\u00a0 les\u00a0 \u00a0comp\u00e9tences\u00a0 de\u00a0 nos fondateurs\u00a0 \u00a0et\u00a0 nos\u00a0 collaborateurs experts en pi\u00e8ces de\u00a0 poids\u00a0 lourds\u00a0 pour\u00a0 garantir\u00a0 notre\u00a0 r\u00e9ussite et une\u00a0 croissance profitable pour\u00a0 nos\u00a0 clients.<\/p><p>Consciente du besoin des entreprises marocaines, <strong>FLEET TRUCK PARTS<\/strong> a pour\u00a0 but principal\u00a0 de fournir sur\u00a0 le\u00a0 march\u00e9 national\u00a0 des\u00a0 produits\u00a0 de qualit\u00e9 indiscutable et place la satisfaction de ses clients au centre de ses objectifs.\u00a0<\/p><p>Que vous soyez \u00e0 la t\u00eate d\u2019une petite comme d\u2019une grande entreprise, l\u2019\u00e9quipe F.T.P saura toujours vous accompagnez.<\/p>\t\t\t\t\t\t<\/div>\n\t\t\t\t<\/div>\n\t\t\t\t\t<\/div>\n\t\t<\/div>\n\t\t\t\t\t\t\t<\/div>\n\t\t<\/section>\n\t\t\t\t\t\t\t<\/div>\n\t\t\n    <div class=\"xs_social_share_widget xs_share_url after_content \t\tmain_content  wslu-style-1 wslu-share-box-shaped wslu-fill-colored wslu-none wslu-share-horizontal wslu-theme-font-no wslu-main_content\">\n\n\t\t\n        <ul>\n\t\t\t        <\/ul>\n    <\/div> \n","protected":false},"excerpt":{"rendered":"<p>QUI SOMMES-NOUS ? FLEET TRUCK PARTS\u00a0 est la concr\u00e9tisation de 30 ann\u00e9es d\u2019exp\u00e9rience sur le march\u00e9 marocain de pi\u00e8ces de rechanges\u00a0 ainsi que\u00a0 le fruit d\u2019un savoir-faire\u00a0 incontournable dans le domaine.\u00a0 Nous\u00a0 comptons\u00a0 sur\u00a0 les\u00a0 \u00a0comp\u00e9tences\u00a0 de\u00a0 nos fondateurs\u00a0 \u00a0et\u00a0 nos\u00a0 collaborateurs experts en pi\u00e8ces de\u00a0 poids\u00a0 lourds\u00a0 pour\u00a0 garantir\u00a0 notre\u00a0 r\u00e9ussite et une\u00a0 croissance [&hellip;]<\/p>\n","protected":false},"author":1,"featured_media":0,"parent":0,"menu_order":0,"comment_status":"closed","ping_status":"closed","template":"elementor_header_footer","meta":{"footnotes":""},"class_list":["post-536","page","type-page","status-publish","hentry"],"guten_post_layout_featured_media_urls":{"full":false,"thumbnail":false,"medium":false,"medium_large":false,"large":false,"1536x1536":false,"2048x2048":false,"guten_post_layout_landscape_large":false,"guten_post_layout_portrait_large":false,"guten_post_layout_square_large":false,"guten_post_layout_landscape":false,"guten_post_layout_portrait":false,"guten_post_layout_square":false,"post-thumbnail":false,"twentytwenty-fullscreen":false},"_links":{"self":[{"href":"https:\/\/www.fleettruckparts.ma\/index.php\/wp-json\/wp\/v2\/pages\/536","targetHints":{"allow":["GET"]}}],"collection":[{"href":"https:\/\/www.fleettruckparts.ma\/index.php\/wp-json\/wp\/v2\/pages"}],"about":[{"href":"https:\/\/www.fleettruckparts.ma\/index.php\/wp-json\/wp\/v2\/types\/page"}],"author":[{"embeddable":true,"href":"https:\/\/www.fleettruckparts.ma\/index.php\/wp-json\/wp\/v2\/users\/1"}],"replies":[{"embeddable":true,"href":"https:\/\/www.fleettruckparts.ma\/index.php\/wp-json\/wp\/v2\/comments?post=536"}],"version-history":[{"count":42,"href":"https:\/\/www.fleettruckparts.ma\/index.php\/wp-json\/wp\/v2\/pages\/536\/revisions"}],"predecessor-version":[{"id":1881,"href":"https:\/\/www.fleettruckparts.ma\/index.php\/wp-json\/wp\/v2\/pages\/536\/revisions\/1881"}],"wp:attachment":[{"href":"https:\/\/www.fleettruckparts.ma\/index.php\/wp-json\/wp\/v2\/media?parent=536"}],"curies":[{"name":"wp","href":"https:\/\/api.w.org\/{rel}","templated":true}]}}